{"id":85,"date":"2015-03-22T11:26:49","date_gmt":"2015-03-22T09:26:49","guid":{"rendered":"http:\/\/lq.kunstundwohnen.de\/wordpress\/?page_id=85"},"modified":"2016-02-23T11:12:30","modified_gmt":"2016-02-23T09:12:30","slug":"impressum","status":"publish","type":"page","link":"http:\/\/www.literarisches-quartett-tuebingen.de\/?page_id=85","title":{"rendered":"Impressum"},"content":{"rendered":"<h2>Angaben gem\u00e4\u00df \u00a7 5 TMG:<\/h2>\n<p>G\u00fcnter Hermann<br \/>\nGottlob-Braeuningstr. 5<br \/>\n72072 T\u00fcbingen<\/p>\n<p><strong>Kontakt<\/strong><\/p>\n<table>\n<tbody>\n<tr>\n<td>Telefon:<\/td>\n<td>+49 (0) 7071 74503<\/td>\n<\/tr>\n<tr>\n<td>E-Mail:<\/td>\n<td>info@literarisches-quartett-tuebingen.de<\/td>\n<\/tr>\n<\/tbody>\n<\/table>\n<h2>Verantwortlich f\u00fcr den Inhalt nach \u00a7 55 Abs. 2 RStV:<\/h2>\n<p>G\u00fcnter Hermann<br \/>\nGottlob-Braeuningstr.5<br \/>\n72072 T\u00fcbingen<\/p>\n<p>Quelle: <em><a href=\"http:\/\/www.e-recht24.de\/impressum-generator.html\">http:\/\/www.e-recht24.de<\/a><\/em><\/p>\n<p>&nbsp;<\/p>\n<p style=\"text-align: justify;\"><strong>Haftung f\u00fcr Inhalte<\/strong><br \/>\nAls Diensteanbieter sind wir gem\u00e4\u00df \u00a7 7 Abs.1 TMG f\u00fcr eigene Inhalte auf diesen Seiten nach den allgemeinen Gesetzen verantwortlich. Nach \u00a7\u00a7 8 bis 10 TMG sind wir als Diensteanbieter jedoch nicht verpflichtet, \u00fcbermittelte oder gespeicherte fremde Infor-mationen zu \u00fcberwachen oder nach Umst\u00e4nden zu forschen, die auf eine rechtswidrige T\u00e4tigkeit hinweisen. Verpflichtungen zur Entfernung oder Sperrung der Nutzung von Informationen nach den allgemeinen Gesetzen bleiben hiervon unber\u00fchrt. Eine diesbe-z\u00fcgliche Haftung ist jedoch erst ab dem Zeitpunkt der Kenntnis einer konkreten Rechtsverletzung m\u00f6glich. Bei Bekanntwerden von entsprechenden Rechtsverletzungen werden wir diese Inhalte umgehend entfernen.<\/p>\n<p style=\"text-align: justify;\"><strong>Urheberrecht<\/strong><br \/>\nDie durch die Seitenbetreiber erstellten Inhalte und Werke auf diesen Seiten unterliegen dem deutschen Urheberrecht. Die Vervielf\u00e4ltigung, Bearbeitung, Verbreitung und jede Art der Verwertung au\u00dferhalb der Grenzen des Urheberrechtes bed\u00fcrfen der schriftlichen Zustimmung des jeweiligen Autors bzw. Erstellers.<br \/>\nSoweit die Inhalte auf dieser Seite nicht vom Betreiber erstellt wurden, werden die Urheberrechte Dritter beachtet. Die Rechte an den Fotos der Buchtitel liegen bei den jeweiligen Verlagen, die der anderen Fotos bei den Betreibern dieser website. Sollten Sie trotzdem auf eine Urheberrechtsverletzung aufmerksam werden, bitten wir um einen entsprechenden Hinweis. Bei Bekanntwerden von Rechtsverletzungen werden wir derartige Inhalte umgehend entfernen.<\/p>\n<p>&nbsp;<\/p>\n<p>Quelle: <em><a href=\"http:\/\/www.e-recht24.de\/impressum-generator.html\">http:\/\/www.e-recht24.de<\/a><\/em><\/p>\n<p>&nbsp;<\/p>\n<p>&nbsp;<\/p>\n","protected":false},"excerpt":{"rendered":"<p>Angaben gem\u00e4\u00df \u00a7 5 TMG: G\u00fcnter Hermann Gottlob-Braeuningstr. 5 72072 T\u00fcbingen Kontakt Telefon: +49 (0) 7071 74503 E-Mail: info@literarisches-quartett-tuebingen.de Verantwortlich f\u00fcr den Inhalt nach \u00a7 55 Abs. 2 RStV: G\u00fcnter Hermann Gottlob-Braeuningstr.5 72072 T\u00fcbingen Quelle: http:\/\/www.e-recht24.de &nbsp; Haftung f\u00fcr Inhalte &hellip; <a href=\"http:\/\/www.literarisches-quartett-tuebingen.de\/?page_id=85\">Weiterlesen <span class=\"meta-nav\">&rarr;<\/span><\/a><\/p>\n","protected":false},"author":1,"featured_media":0,"parent":0,"menu_order":0,"comment_status":"closed","ping_status":"closed","template":"","meta":{"footnotes":""},"_links":{"self":[{"href":"http:\/\/www.literarisches-quartett-tuebingen.de\/index.php?rest_route=\/wp\/v2\/pages\/85"}],"collection":[{"href":"http:\/\/www.literarisches-quartett-tuebingen.de\/index.php?rest_route=\/wp\/v2\/pages"}],"about":[{"href":"http:\/\/www.literarisches-quartett-tuebingen.de\/index.php?rest_route=\/wp\/v2\/types\/page"}],"author":[{"embeddable":true,"href":"http:\/\/www.literarisches-quartett-tuebingen.de\/index.php?rest_route=\/wp\/v2\/users\/1"}],"replies":[{"embeddable":true,"href":"http:\/\/www.literarisches-quartett-tuebingen.de\/index.php?rest_route=%2Fwp%2Fv2%2Fcomments&post=85"}],"version-history":[{"count":13,"href":"http:\/\/www.literarisches-quartett-tuebingen.de\/index.php?rest_route=\/wp\/v2\/pages\/85\/revisions"}],"predecessor-version":[{"id":822,"href":"http:\/\/www.literarisches-quartett-tuebingen.de\/index.php?rest_route=\/wp\/v2\/pages\/85\/revisions\/822"}],"wp:attachment":[{"href":"http:\/\/www.literarisches-quartett-tuebingen.de\/index.php?rest_route=%2Fwp%2Fv2%2Fmedia&parent=85"}],"curies":[{"name":"wp","href":"https:\/\/api.w.org\/{rel}","templated":true}]}}