{"id":52,"date":"2015-03-21T16:25:46","date_gmt":"2015-03-21T14:25:46","guid":{"rendered":"http:\/\/lq.kunstundwohnen.de\/wordpress\/?page_id=52"},"modified":"2025-08-24T18:49:53","modified_gmt":"2025-08-24T16:49:53","slug":"home","status":"publish","type":"page","link":"http:\/\/www.literarisches-quartett-tuebingen.de\/","title":{"rendered":"Willkommen auf der Seite des Literarischen Quartetts T\u00fcbingen"},"content":{"rendered":"<table style=\"width: 100%; height: 286px;\">\n<tbody>\n<tr style=\"height: 286px;\">\n<td style=\"height: 286px;\"><a href=\"http:\/\/lq.kunstundwohnen.de\/wordpress\/wp-content\/uploads\/2015\/04\/lq.png\" target=\"_blank\" rel=\"noopener noreferrer\"><img loading=\"lazy\" decoding=\"async\" class=\"aligncenter wp-image-607 \" src=\"http:\/\/lq.kunstundwohnen.de\/wordpress\/wp-content\/uploads\/2015\/04\/lq.png\" alt=\"LQ Logo\" width=\"245\" height=\"245\" srcset=\"http:\/\/www.literarisches-quartett-tuebingen.de\/wp-content\/uploads\/2015\/04\/lq.png 260w, http:\/\/www.literarisches-quartett-tuebingen.de\/wp-content\/uploads\/2015\/04\/lq-150x150.png 150w\" sizes=\"(max-width: 245px) 100vw, 245px\" \/><\/a><\/td>\n<td style=\"height: 286px;\"><\/td>\n<td style=\"height: 286px;\"><a href=\"http:\/\/lq.kunstundwohnen.de\/wordpress\/wp-content\/uploads\/2014\/04\/P1020827.jpg\" target=\"_blank\" rel=\"noopener noreferrer\"><img loading=\"lazy\" decoding=\"async\" class=\"aligncenter wp-image-87\" src=\"http:\/\/lq.kunstundwohnen.de\/wordpress\/wp-content\/uploads\/2014\/04\/P1020827-300x225.jpg\" alt=\"Das Literarische Quartett zu T\u00fcbingen\" width=\"323\" height=\"245\" \/><\/a><\/td>\n<\/tr>\n<\/tbody>\n<\/table>\n<p style=\"text-align: justify;\">Unser Literarisches Quartett T\u00fcbingen besteht seit dem 11. M\u00e4rz 1994 und das in unver\u00e4nderter Besetzung. Vier Freunde im gesetzten Alter lasen seitdem \u00fcber 150 B\u00fccher und besprachen sie gemeinsam. Gelegentlich wurden G\u00e4ste dazu eingeladen.<\/p>\n<p style=\"text-align: justify;\"><strong>Kommentare zu Rezensionen oder eigene Rezensionen zu den B\u00fcchern k\u00f6nnen\u00a0 gerne per E-Mail geschickt werden an:\u00a0\u00a0\u00a0\u00a0 <\/strong>info(at)kunstundwohnen.de<\/p>\n<h1><\/h1>\n<h1><\/h1>\n<h1>Die neueste Buchbesprechung\u00a0 <strong>(Buch 155)<br \/>\n<\/strong><br \/>\n<a href=\"http:\/\/www.literarisches-quartett-tuebingen.de\/?p=2146\">Joseph Roth \u2013 Radetzkymarsch<\/a><\/h1>\n<p>&nbsp;<\/p>\n<p><strong>Das n\u00e4chste Buch (Buch 156)<\/strong><br \/>\n<a href=\"http:\/\/www.literarisches-quartett-tuebingen.de\/?p=2156\">Wolff Haas \u2013 Wackelkontakt<\/a><\/p>\n<p>&nbsp;<\/p>\n<p>&nbsp;<\/p>\n<p>&nbsp;<\/p>\n<p>&nbsp;<\/p>\n<p>&nbsp;<\/p>\n<p>&nbsp;<\/p>\n<h1><\/h1>\n<h1><\/h1>\n<p>&nbsp;<\/p>\n<p>&nbsp;<\/p>\n<p>&nbsp;<\/p>\n<p>&nbsp;<\/p>\n<p>&nbsp;<\/p>\n<p>&nbsp;<\/p>\n","protected":false},"excerpt":{"rendered":"<p>Unser Literarisches Quartett T\u00fcbingen besteht seit dem 11. M\u00e4rz 1994 und das in unver\u00e4nderter Besetzung. Vier Freunde im gesetzten Alter lasen seitdem \u00fcber 150 B\u00fccher und besprachen sie gemeinsam. Gelegentlich wurden G\u00e4ste dazu eingeladen. Kommentare zu Rezensionen oder eigene Rezensionen &hellip; <a href=\"http:\/\/www.literarisches-quartett-tuebingen.de\/\">Weiterlesen <span class=\"meta-nav\">&rarr;<\/span><\/a><\/p>\n","protected":false},"author":1,"featured_media":0,"parent":0,"menu_order":0,"comment_status":"closed","ping_status":"closed","template":"sidebar-page.php","meta":{"footnotes":""},"_links":{"self":[{"href":"http:\/\/www.literarisches-quartett-tuebingen.de\/index.php?rest_route=\/wp\/v2\/pages\/52"}],"collection":[{"href":"http:\/\/www.literarisches-quartett-tuebingen.de\/index.php?rest_route=\/wp\/v2\/pages"}],"about":[{"href":"http:\/\/www.literarisches-quartett-tuebingen.de\/index.php?rest_route=\/wp\/v2\/types\/page"}],"author":[{"embeddable":true,"href":"http:\/\/www.literarisches-quartett-tuebingen.de\/index.php?rest_route=\/wp\/v2\/users\/1"}],"replies":[{"embeddable":true,"href":"http:\/\/www.literarisches-quartett-tuebingen.de\/index.php?rest_route=%2Fwp%2Fv2%2Fcomments&post=52"}],"version-history":[{"count":98,"href":"http:\/\/www.literarisches-quartett-tuebingen.de\/index.php?rest_route=\/wp\/v2\/pages\/52\/revisions"}],"predecessor-version":[{"id":2161,"href":"http:\/\/www.literarisches-quartett-tuebingen.de\/index.php?rest_route=\/wp\/v2\/pages\/52\/revisions\/2161"}],"wp:attachment":[{"href":"http:\/\/www.literarisches-quartett-tuebingen.de\/index.php?rest_route=%2Fwp%2Fv2%2Fmedia&parent=52"}],"curies":[{"name":"wp","href":"https:\/\/api.w.org\/{rel}","templated":true}]}}