{"id":24,"date":"2015-03-21T11:39:33","date_gmt":"2015-03-21T09:39:33","guid":{"rendered":"http:\/\/lq.kunstundwohnen.de\/wordpress\/?page_id=24"},"modified":"2023-02-08T13:30:38","modified_gmt":"2023-02-08T11:30:38","slug":"top-ten","status":"publish","type":"page","link":"http:\/\/www.literarisches-quartett-tuebingen.de\/?page_id=24","title":{"rendered":"Top Ten"},"content":{"rendered":"<p>&nbsp;<\/p>\n<table style=\"width: 100%; height: 312px;\">\n<tbody>\n<tr style=\"height: 24px;\">\n<td style=\"width: 1.71233%; height: 24px;\"><\/td>\n<td style=\"width: 34.248%; height: 24px;\">Erich Maria Remarque<\/td>\n<td style=\"width: 55.4781%; height: 24px;\"><a title=\"Erich Maria Remarque \u2013 Im Westen nichts Neues\" href=\"http:\/\/lq.kunstundwohnen.de\/wordpress\/?p=566\"><em>Im Westen nicht Neues<\/em><\/a><\/td>\n<td style=\"width: 8.56164%; height: 24px;\">1,00<\/td>\n<\/tr>\n<tr style=\"height: 24px;\">\n<td style=\"width: 1.71233%; height: 24px;\"><\/td>\n<td style=\"width: 34.248%; height: 24px;\">D\u00f6rte Hansen<\/td>\n<td style=\"width: 55.4781%; height: 24px;\"><a href=\"http:\/\/www.literarisches-quartett-tuebingen.de\/?p=1385\"><em>Mittagsstunde<\/em><\/a><\/td>\n<td style=\"width: 8.56164%; height: 24px;\">1,06<\/td>\n<\/tr>\n<tr style=\"height: 24px;\">\n<td style=\"width: 1.71233%; height: 24px;\"><\/td>\n<td style=\"width: 34.248%; height: 24px;\">Jonas L\u00fcscher<\/td>\n<td style=\"width: 55.4781%; height: 24px;\"><a title=\"Jonas L\u00fcscher \u2013 Fr\u00fchling der Barbaren\" href=\"http:\/\/lq.kunstundwohnen.de\/wordpress\/?p=503\"><em>Fr\u00fchling der Barbaren<\/em><\/a><\/td>\n<td style=\"width: 8.56164%; height: 24px;\">1,12<\/td>\n<\/tr>\n<tr style=\"height: 24px;\">\n<td style=\"width: 1.71233%; height: 24px;\"><\/td>\n<td style=\"width: 34.248%; height: 24px;\">Antonio Sk\u00e1rmeta<\/td>\n<td style=\"width: 55.4781%; height: 24px;\"><a title=\"Antonio Sk\u00e1rmeta \u2013 Mit brennender Geduld\" href=\"http:\/\/lq.kunstundwohnen.de\/wordpress\/?p=167\"><em>Mit brennender Geduld<\/em><\/a><\/td>\n<td style=\"width: 8.56164%; height: 24px;\">1,19<\/td>\n<\/tr>\n<tr>\n<td style=\"width: 1.71233%;\"><\/td>\n<td style=\"width: 34.248%;\">Behzad Karim Khani<\/td>\n<td style=\"width: 55.4781%;\"><em><a href=\"http:\/\/www.literarisches-quartett-tuebingen.de\/?p=1713\">Hund Wolf Schakal\u00a0<\/a> &#8211; <span style=\"color: #ff0000;\">neu<\/span><br \/>\n<\/em><\/td>\n<td style=\"width: 8.56164%;\">1,25<\/td>\n<\/tr>\n<tr style=\"height: 24px;\">\n<td style=\"width: 1.71233%; height: 24px;\"><\/td>\n<td style=\"width: 34.248%; height: 24px;\">Irvin D. Yalom<\/td>\n<td style=\"width: 55.4781%; height: 24px;\"><a title=\"Irvin D. Yalom \u2013 Und Nietzsche weinte\" href=\"http:\/\/lq.kunstundwohnen.de\/wordpress\/?p=179\"><em>Und Nietzsche weinte<\/em><\/a><\/td>\n<td style=\"width: 8.56164%; height: 24px;\">1,25<\/td>\n<\/tr>\n<tr style=\"height: 24px;\">\n<td style=\"width: 1.71233%; height: 24px;\"><\/td>\n<td style=\"width: 34.248%; height: 24px;\">Daniel Kehlmann<\/td>\n<td style=\"width: 55.4781%; height: 24px;\"><a title=\"Daniel Kehlmann \u2013 Die Vermessung der Welt\" href=\"http:\/\/lq.kunstundwohnen.de\/wordpress\/?p=220\"><em>Die Vermessung der Welt<\/em><\/a><\/td>\n<td style=\"width: 8.56164%; height: 24px;\">1,25<\/td>\n<\/tr>\n<tr style=\"height: 24px;\">\n<td style=\"width: 1.71233%; height: 24px;\"><\/td>\n<td style=\"width: 34.248%; height: 24px;\">Daniel Glattauer<\/td>\n<td style=\"width: 55.4781%; height: 24px;\"><a title=\"Daniel Glattauer \u2013 Gut gegen Nordwind\" href=\"http:\/\/lq.kunstundwohnen.de\/wordpress\/?p=262\"><em>Gut gegen Nordwind<\/em><\/a><\/td>\n<td style=\"width: 8.56164%; height: 24px;\">1,31<\/td>\n<\/tr>\n<tr style=\"height: 24px;\">\n<td style=\"width: 1.71233%; height: 24px;\"><\/td>\n<td style=\"width: 34.248%; height: 24px;\">Bov Bjerg<\/td>\n<td style=\"width: 55.4781%; height: 24px;\"><em><a href=\"http:\/\/www.literarisches-quartett-tuebingen.de\/?p=805\">Auerhaus<\/a><\/em><\/td>\n<td style=\"width: 8.56164%; height: 24px;\">1,31<\/td>\n<\/tr>\n<tr>\n<td style=\"width: 1.71233%;\"><\/td>\n<td style=\"width: 34.248%;\">Edgar Selge <span style=\"color: #ff0000;\"><br \/>\n<\/span><\/td>\n<td style=\"width: 55.4781%;\"><em><a href=\"http:\/\/www.literarisches-quartett-tuebingen.de\/?p=1638\">Hast Du uns endlich gefunden<\/a><br \/>\n<\/em><\/td>\n<td style=\"width: 8.56164%;\">1,38<\/td>\n<\/tr>\n<tr style=\"height: 24px;\">\n<td style=\"width: 1.71233%; height: 24px;\"><\/td>\n<td style=\"width: 34.248%; height: 24px;\"><\/td>\n<td style=\"width: 55.4781%; height: 24px;\"><\/td>\n<td style=\"width: 8.56164%; height: 24px;\"><\/td>\n<\/tr>\n<tr style=\"height: 24px;\">\n<td style=\"width: 1.71233%; height: 24px;\"><\/td>\n<td style=\"width: 34.248%; height: 24px;\"><\/td>\n<td style=\"width: 55.4781%; height: 24px;\"><\/td>\n<td style=\"width: 8.56164%; height: 24px;\"><\/td>\n<\/tr>\n<\/tbody>\n<\/table>\n","protected":false},"excerpt":{"rendered":"<p>&nbsp; Erich Maria Remarque Im Westen nicht Neues 1,00 D\u00f6rte Hansen Mittagsstunde 1,06 Jonas L\u00fcscher Fr\u00fchling der Barbaren 1,12 Antonio Sk\u00e1rmeta Mit brennender Geduld 1,19 Behzad Karim Khani Hund Wolf Schakal\u00a0 &#8211; neu 1,25 Irvin D. Yalom Und Nietzsche weinte &hellip; <a href=\"http:\/\/www.literarisches-quartett-tuebingen.de\/?page_id=24\">Weiterlesen <span class=\"meta-nav\">&rarr;<\/span><\/a><\/p>\n","protected":false},"author":1,"featured_media":0,"parent":0,"menu_order":0,"comment_status":"closed","ping_status":"closed","template":"","meta":{"footnotes":""},"_links":{"self":[{"href":"http:\/\/www.literarisches-quartett-tuebingen.de\/index.php?rest_route=\/wp\/v2\/pages\/24"}],"collection":[{"href":"http:\/\/www.literarisches-quartett-tuebingen.de\/index.php?rest_route=\/wp\/v2\/pages"}],"about":[{"href":"http:\/\/www.literarisches-quartett-tuebingen.de\/index.php?rest_route=\/wp\/v2\/types\/page"}],"author":[{"embeddable":true,"href":"http:\/\/www.literarisches-quartett-tuebingen.de\/index.php?rest_route=\/wp\/v2\/users\/1"}],"replies":[{"embeddable":true,"href":"http:\/\/www.literarisches-quartett-tuebingen.de\/index.php?rest_route=%2Fwp%2Fv2%2Fcomments&post=24"}],"version-history":[{"count":28,"href":"http:\/\/www.literarisches-quartett-tuebingen.de\/index.php?rest_route=\/wp\/v2\/pages\/24\/revisions"}],"predecessor-version":[{"id":1717,"href":"http:\/\/www.literarisches-quartett-tuebingen.de\/index.php?rest_route=\/wp\/v2\/pages\/24\/revisions\/1717"}],"wp:attachment":[{"href":"http:\/\/www.literarisches-quartett-tuebingen.de\/index.php?rest_route=%2Fwp%2Fv2%2Fmedia&parent=24"}],"curies":[{"name":"wp","href":"https:\/\/api.w.org\/{rel}","templated":true}]}}