{"id":17,"date":"2015-03-21T11:30:03","date_gmt":"2015-03-21T09:30:03","guid":{"rendered":"http:\/\/lq.kunstundwohnen.de\/wordpress\/?page_id=17"},"modified":"2024-10-13T14:04:27","modified_gmt":"2024-10-13T12:04:27","slug":"101-125","status":"publish","type":"page","link":"http:\/\/www.literarisches-quartett-tuebingen.de\/?page_id=17","title":{"rendered":"Chronologisch 2015 &#8211; 2019"},"content":{"rendered":"<table style=\"width: 100%;\">\n<tbody>\n<tr>\n<td style=\"width: 10.6164%;\">102<\/td>\n<td style=\"width: 23.6301%;\">Heinz Buschkowsky<\/td>\n<td style=\"width: 31.6781%;\"><em><strong><a href=\"http:\/\/www.literarisches-quartett-tuebingen.de\/?p=595\">Die andere Gesellschaft<\/a><\/strong><\/em><\/td>\n<td style=\"width: 5.99315%;\">\u00a02\/3<\/td>\n<td style=\"width: 5.99315%;\">2\/3<\/td>\n<td style=\"width: 5.30822%;\">2\/3<\/td>\n<td style=\"width: 5.30822%;\">3+<\/td>\n<td style=\"width: 2.39726%;\"><\/td>\n<td style=\"width: 9.07534%;\">(2,56)<\/td>\n<\/tr>\n<tr>\n<td style=\"width: 10.6164%;\">103<\/td>\n<td style=\"width: 23.6301%;\">T.C. Boyle<\/td>\n<td style=\"width: 31.6781%;\"><em><strong><a href=\"http:\/\/www.literarisches-quartett-tuebingen.de\/?p=734\">Hart auf hart<\/a><\/strong><\/em><\/td>\n<td style=\"width: 5.99315%;\">\u00a02\u2013<\/td>\n<td style=\"width: 5.99315%;\">1\u2013<\/td>\n<td style=\"width: 5.30822%;\">2\/3<\/td>\n<td style=\"width: 5.30822%;\">2\u2013<\/td>\n<td style=\"width: 2.39726%;\"><\/td>\n<td style=\"width: 9.07534%;\">\u00a0(2,06)<\/td>\n<\/tr>\n<tr>\n<td style=\"width: 10.6164%;\">104<\/td>\n<td style=\"width: 23.6301%;\">Julia Wolf<\/td>\n<td style=\"width: 31.6781%;\"><em><strong><a href=\"http:\/\/www.literarisches-quartett-tuebingen.de\/?p=753\">Alles ist jetzt<\/a><\/strong><\/em><\/td>\n<td style=\"width: 5.99315%;\">2\u2013<\/td>\n<td style=\"width: 5.99315%;\">3+<\/td>\n<td style=\"width: 5.30822%;\">4+<\/td>\n<td style=\"width: 5.30822%;\">2<\/td>\n<td style=\"width: 2.39726%;\"><\/td>\n<td style=\"width: 9.07534%;\">(2,69)<\/td>\n<\/tr>\n<tr>\n<td style=\"width: 10.6164%;\">105<\/td>\n<td style=\"width: 23.6301%;\">Michael L\u00fcders<\/td>\n<td style=\"width: 31.6781%;\"><strong><em><a href=\"http:\/\/www.literarisches-quartett-tuebingen.de\/?p=770\">Wer den Wind s\u00e4t<\/a><\/em><\/strong><\/td>\n<td style=\"width: 5.99315%; text-align: center; vertical-align: middle;\">3+<\/td>\n<td style=\"width: 5.99315%; text-align: center; vertical-align: middle;\">2<\/td>\n<td style=\"width: 5.30822%; text-align: center;\">1\/2<\/td>\n<td style=\"width: 5.30822%; text-align: center; vertical-align: middle;\" scope=\"col\">1\/2<\/td>\n<td style=\"width: 2.39726%;\"><\/td>\n<td style=\"width: 9.07534%;\">(1,94)<\/td>\n<\/tr>\n<tr>\n<td style=\"width: 10.6164%;\">106<\/td>\n<td style=\"width: 23.6301%;\">Jenny Erpenbeck<\/td>\n<td style=\"width: 31.6781%;\"><strong><em><a href=\"http:\/\/www.literarisches-quartett-tuebingen.de\/?p=780\">Gehen, ging, gegangen<\/a><\/em><\/strong><\/td>\n<td style=\"width: 5.99315%;\">\u00a03\/4<\/td>\n<td style=\"width: 5.99315%;\">4\/5<\/td>\n<td style=\"width: 5.30822%;\">4\u2013<\/td>\n<td style=\"width: 5.30822%;\">5\u2013<\/td>\n<td style=\"width: 2.39726%;\"><\/td>\n<td style=\"width: 9.07534%;\">(4,37)<\/td>\n<\/tr>\n<tr>\n<td style=\"width: 10.6164%;\">107<\/td>\n<td style=\"width: 23.6301%;\">Bov Bjerg<\/td>\n<td style=\"width: 31.6781%;\"><em><strong><a href=\"http:\/\/www.literarisches-quartett-tuebingen.de\/?p=805\">Auerhaus<\/a><\/strong><\/em><\/td>\n<td style=\"width: 5.99315%;\">\u00a02+<\/td>\n<td style=\"width: 5.99315%;\">1\u2013<\/td>\n<td style=\"width: 5.30822%;\">1\u2013<\/td>\n<td style=\"width: 5.30822%;\">1<\/td>\n<td style=\"width: 2.39726%;\"><strong>\u00a0<\/strong><\/td>\n<td style=\"width: 9.07534%;\"><strong>(<\/strong>1,31)<\/td>\n<\/tr>\n<tr>\n<td style=\"width: 10.6164%;\">108<\/td>\n<td style=\"width: 23.6301%;\">Michel Houellebecq<\/td>\n<td style=\"width: 31.6781%;\"><em><strong><a href=\"http:\/\/www.literarisches-quartett-tuebingen.de\/?p=843\">Unterwerfung<\/a><\/strong><\/em><\/td>\n<td style=\"width: 5.99315%;\">2\/3<\/td>\n<td style=\"width: 5.99315%;\">2+<\/td>\n<td style=\"width: 5.30822%;\">3<\/td>\n<td style=\"width: 5.30822%;\">3\/4<\/td>\n<td style=\"width: 2.39726%;\"><\/td>\n<td style=\"width: 9.07534%;\">(2,69)<\/td>\n<\/tr>\n<tr>\n<td style=\"width: 10.6164%;\">109<\/td>\n<td style=\"width: 23.6301%;\">Rafael Chirbes<\/td>\n<td style=\"width: 31.6781%;\"><em><strong><a href=\"http:\/\/www.literarisches-quartett-tuebingen.de\/?p=870\">Der lange Marsch<\/a><\/strong><\/em><\/td>\n<td style=\"width: 5.99315%;\">2\u2013<\/td>\n<td style=\"width: 5.99315%;\">2+<\/td>\n<td style=\"width: 5.30822%;\">1\/2<\/td>\n<td style=\"width: 5.30822%;\">2<\/td>\n<td style=\"width: 2.39726%;\"><\/td>\n<td style=\"width: 9.07534%;\">(1,81)<\/td>\n<\/tr>\n<tr>\n<td style=\"width: 10.6164%;\">110<\/td>\n<td style=\"width: 23.6301%;\">Sa\u0161a Stani\u0161ic\u00b4<\/td>\n<td style=\"width: 31.6781%;\"><a href=\"http:\/\/www.literarisches-quartett-tuebingen.de\/?p=933\"><em><strong>Fallensteller<\/strong><\/em><\/a><\/td>\n<td style=\"width: 5.99315%;\">2<\/td>\n<td style=\"width: 5.99315%;\">1\u2013<\/td>\n<td style=\"width: 5.30822%;\">3\u2013<\/td>\n<td style=\"width: 5.30822%;\">1<\/td>\n<td style=\"width: 2.39726%;\"><\/td>\n<td style=\"width: 9.07534%;\">(1,87)<\/td>\n<\/tr>\n<tr>\n<td style=\"width: 10.6164%;\">111<\/td>\n<td style=\"width: 23.6301%;\">Milan Kundera<\/td>\n<td style=\"width: 31.6781%;\"><a href=\"http:\/\/www.literarisches-quartett-tuebingen.de\/?p=956\"><em><strong>Die unertr\u00e4gliche Leichtigkeit des Seins<\/strong><\/em><\/a><\/td>\n<td style=\"width: 5.99315%;\">3<\/td>\n<td style=\"width: 5.99315%;\">3\/4<\/td>\n<td style=\"width: 5.30822%;\">3\/4<\/td>\n<td style=\"width: 5.30822%;\">4<\/td>\n<td style=\"width: 2.39726%;\"><\/td>\n<td style=\"width: 9.07534%;\">(3,50)<\/td>\n<\/tr>\n<tr>\n<td style=\"width: 10.6164%;\">112<\/td>\n<td style=\"width: 23.6301%;\">Joachim Zelter<\/td>\n<td style=\"width: 31.6781%;\"><a href=\"http:\/\/www.literarisches-quartett-tuebingen.de\/?p=974\"><em><strong>Briefe aus Amerika<\/strong><\/em><\/a><\/td>\n<td style=\"width: 5.99315%;\">\u00a03<\/td>\n<td style=\"width: 5.99315%;\">3<\/td>\n<td style=\"width: 5.30822%;\">3<\/td>\n<td style=\"width: 5.30822%;\">4<\/td>\n<td style=\"width: 2.39726%;\"><\/td>\n<td style=\"width: 9.07534%;\">(3,25)<\/td>\n<\/tr>\n<tr>\n<td style=\"width: 10.6164%;\">113<\/td>\n<td style=\"width: 23.6301%;\">Jonas L\u00fcscher<\/td>\n<td style=\"width: 31.6781%;\"><a href=\"http:\/\/www.literarisches-quartett-tuebingen.de\/?p=990\"><em><strong>Kraft<\/strong><\/em><\/a><\/td>\n<td style=\"width: 5.99315%;\">\u00a03<\/td>\n<td style=\"width: 5.99315%;\">1\u2013<\/td>\n<td style=\"width: 5.30822%;\">2+<\/td>\n<td style=\"width: 5.30822%;\">2+<\/td>\n<td style=\"width: 2.39726%;\"><\/td>\n<td style=\"width: 9.07534%;\">(1,9)<\/td>\n<\/tr>\n<tr>\n<td style=\"width: 10.6164%;\">114<\/td>\n<td style=\"width: 23.6301%;\">Julian Barnes<\/td>\n<td style=\"width: 31.6781%;\"><a href=\"http:\/\/www.literarisches-quartett-tuebingen.de\/?p=1002\"><em><strong>Der L\u00e4rm der Zeit<\/strong><\/em><\/a><\/td>\n<td style=\"width: 5.99315%;\">2<\/td>\n<td style=\"width: 5.99315%;\">1\/2<\/td>\n<td style=\"width: 5.30822%;\">2\/3<\/td>\n<td style=\"width: 5.30822%;\">1\u2013<\/td>\n<td style=\"width: 2.39726%;\"><\/td>\n<td style=\"width: 9.07534%;\">(1,81)<\/td>\n<\/tr>\n<tr>\n<td style=\"width: 10.6164%;\">115<\/td>\n<td style=\"width: 23.6301%;\">Julian Nida-R\u00fcmelin<\/td>\n<td style=\"width: 31.6781%;\"><a href=\"http:\/\/www.literarisches-quartett-tuebingen.de\/?p=1024\"><em><strong>\u00dcber Grenzen denken<\/strong><\/em><\/a><\/td>\n<td style=\"width: 5.99315%;\">\u00a03\u2013<\/td>\n<td style=\"width: 5.99315%;\">\u00a02\/3<\/td>\n<td style=\"width: 5.30822%;\">2\/3<\/td>\n<td style=\"width: 5.30822%;\">3<\/td>\n<td style=\"width: 2.39726%;\"><\/td>\n<td style=\"width: 9.07534%;\">(2,81)<\/td>\n<\/tr>\n<tr>\n<td style=\"width: 10.6164%;\">116<\/td>\n<td style=\"width: 23.6301%;\">Han Kang<\/td>\n<td style=\"width: 31.6781%;\"><a href=\"http:\/\/www.literarisches-quartett-tuebingen.de\/?p=1033\"><em><strong>Die Vegetarierin<\/strong><\/em><\/a><\/td>\n<td style=\"width: 5.99315%;\">2\u2013<\/td>\n<td style=\"width: 5.99315%;\">4\u2013<\/td>\n<td style=\"width: 5.30822%;\">4\/5<\/td>\n<td style=\"width: 5.30822%;\">4\/5<\/td>\n<td style=\"width: 2.39726%;\"><\/td>\n<td style=\"width: 9.07534%;\">(3,87)<\/td>\n<\/tr>\n<tr>\n<td style=\"width: 10.6164%;\">117<\/td>\n<td style=\"width: 23.6301%;\">Robert Menasse<\/td>\n<td style=\"width: 31.6781%;\"><a href=\"http:\/\/www.literarisches-quartett-tuebingen.de\/?p=1061\"><em><strong>Die Hauptstadt<\/strong><\/em><\/a><\/td>\n<td style=\"width: 5.99315%;\">2\u2013<\/td>\n<td style=\"width: 5.99315%;\">2\/3<\/td>\n<td style=\"width: 5.30822%;\">2<\/td>\n<td style=\"width: 5.30822%;\">2\u2013<\/td>\n<td style=\"width: 2.39726%;\"><\/td>\n<td style=\"width: 9.07534%;\">(2,25)<\/td>\n<\/tr>\n<tr>\n<td style=\"width: 10.6164%;\">118<\/td>\n<td style=\"width: 23.6301%;\">Harper Lee<\/td>\n<td style=\"width: 31.6781%;\"><a href=\"http:\/\/www.literarisches-quartett-tuebingen.de\/?p=1134\"><em><strong>Wer die Nachtigall st\u00f6rt<\/strong><\/em><\/a><\/td>\n<td style=\"width: 5.99315%;\">\u00a03\u2013<\/td>\n<td style=\"width: 5.99315%;\">2\/3<\/td>\n<td style=\"width: 5.30822%;\">3+<\/td>\n<td style=\"width: 5.30822%;\">4<\/td>\n<td style=\"width: 2.39726%;\"><\/td>\n<td style=\"width: 9.07534%;\">(3,12)<\/td>\n<\/tr>\n<tr>\n<td style=\"width: 10.6164%;\">119<\/td>\n<td style=\"width: 23.6301%;\">Didier Eribon<\/td>\n<td style=\"width: 31.6781%;\"><a href=\"http:\/\/www.literarisches-quartett-tuebingen.de\/?p=1150\"><em><strong>R\u00fcckkehr nach Reims<\/strong><\/em><\/a><\/td>\n<td style=\"width: 5.99315%;\">3<\/td>\n<td style=\"width: 5.99315%;\">2+<\/td>\n<td style=\"width: 5.30822%;\">2+<\/td>\n<td style=\"width: 5.30822%;\">2+<\/td>\n<td style=\"width: 2.39726%;\"><\/td>\n<td style=\"width: 9.07534%;\">(2,06)<\/td>\n<\/tr>\n<tr>\n<td style=\"width: 10.6164%;\">120<\/td>\n<td style=\"width: 23.6301%;\">Robert Seethaler<\/td>\n<td style=\"width: 31.6781%;\"><a href=\"http:\/\/www.literarisches-quartett-tuebingen.de\/?p=1171\"><em><strong>Der Trafikant<\/strong><\/em><\/a><\/td>\n<td style=\"width: 5.99315%;\">\u00a02\u2013<\/td>\n<td style=\"width: 5.99315%;\">4+<\/td>\n<td style=\"width: 5.30822%;\">3<\/td>\n<td style=\"width: 5.30822%;\">2\/3<\/td>\n<td style=\"width: 2.39726%;\"><\/td>\n<td style=\"width: 9.07534%;\">(2,87)<\/td>\n<\/tr>\n<tr>\n<td style=\"width: 10.6164%;\">121<\/td>\n<td style=\"width: 23.6301%;\">Alexander Schimmelbusch<\/td>\n<td style=\"width: 31.6781%;\"><a href=\"http:\/\/www.literarisches-quartett-tuebingen.de\/?p=1187\"><em><strong>Hochdeutschland<\/strong><\/em><\/a><\/td>\n<td style=\"width: 5.99315%;\">2<\/td>\n<td style=\"width: 5.99315%;\">1\u2013<\/td>\n<td style=\"width: 5.30822%;\">2<\/td>\n<td style=\"width: 5.30822%;\">5<\/td>\n<td style=\"width: 2.39726%;\"><\/td>\n<td style=\"width: 9.07534%;\">(2,56)<\/td>\n<\/tr>\n<tr>\n<td style=\"width: 10.6164%;\">122<\/td>\n<td style=\"width: 23.6301%;\">Robert Musil<\/td>\n<td style=\"width: 31.6781%;\"><a href=\"http:\/\/www.literarisches-quartett-tuebingen.de\/?p=1189\"><em><strong>Die Verwirrungen des Z\u00f6glings T\u00f6rle\u00df<\/strong><\/em><\/a><\/td>\n<td style=\"width: 5.99315%;\">\u00a03\/4<\/td>\n<td style=\"width: 5.99315%;\">2<\/td>\n<td style=\"width: 5.30822%;\">3+<\/td>\n<td style=\"width: 5.30822%;\">2<\/td>\n<td style=\"width: 2.39726%;\"><\/td>\n<td style=\"width: 9.07534%;\">(2,56)<\/td>\n<\/tr>\n<tr>\n<td style=\"width: 10.6164%;\">123<\/td>\n<td style=\"width: 23.6301%;\">Hilmar Klute<\/td>\n<td style=\"width: 31.6781%;\"><a href=\"http:\/\/www.literarisches-quartett-tuebingen.de\/?p=1254\"><em><strong>Was dann nachher so sch\u00f6n fliegt<\/strong><\/em><\/a><\/td>\n<td style=\"width: 5.99315%;\">2<\/td>\n<td style=\"width: 5.99315%;\">1<\/td>\n<td style=\"width: 5.30822%;\">2+<\/td>\n<td style=\"width: 5.30822%;\">1<\/td>\n<td style=\"width: 2.39726%;\"><\/td>\n<td style=\"width: 9.07534%;\">(1,43)<\/td>\n<\/tr>\n<tr>\n<td style=\"width: 10.6164%;\">124<\/td>\n<td style=\"width: 23.6301%;\">\u00a0Michael Hvorecky<\/td>\n<td style=\"width: 31.6781%;\"><a href=\"http:\/\/www.literarisches-quartett-tuebingen.de\/?p=1271\"><em><strong>Troll<\/strong><\/em><\/a><\/td>\n<td style=\"width: 5.99315%;\">\u00a02\/3<\/td>\n<td style=\"width: 5.99315%;\">2<\/td>\n<td style=\"width: 5.30822%;\">2\/3<\/td>\n<td style=\"width: 5.30822%;\">4<\/td>\n<td style=\"width: 2.39726%;\"><\/td>\n<td style=\"width: 9.07534%;\">(2,75)<\/td>\n<\/tr>\n<tr>\n<td style=\"width: 10.6164%;\">125<\/td>\n<td style=\"width: 23.6301%;\">Ferdinand von Schirach<\/td>\n<td style=\"width: 31.6781%;\"><a href=\"http:\/\/www.literarisches-quartett-tuebingen.de\/?p=1297\"><em><strong>Kaffee und Zigaretten<\/strong><\/em><\/a><\/td>\n<td style=\"width: 5.99315%;\">2\u2013<\/td>\n<td style=\"width: 5.99315%;\">4<\/td>\n<td style=\"width: 5.30822%;\">4+<\/td>\n<td style=\"width: 5.30822%;\">4<\/td>\n<td style=\"width: 2.39726%;\"><\/td>\n<td style=\"width: 9.07534%;\">(3,50)<\/td>\n<\/tr>\n<tr>\n<td style=\"width: 10.6164%;\">126<\/td>\n<td style=\"width: 23.6301%;\">Maxim Biller<\/td>\n<td style=\"width: 31.6781%;\"><em><strong><a href=\"http:\/\/www.literarisches-quartett-tuebingen.de\/?p=1344\">Sechs Koffer<\/a><br \/>\n<\/strong><\/em><\/td>\n<td style=\"width: 5.99315%;\">1\u2013<\/td>\n<td style=\"width: 5.99315%;\">2+<\/td>\n<td style=\"width: 5.30822%;\">4<\/td>\n<td style=\"width: 5.30822%;\">1\u2013<\/td>\n<td style=\"width: 2.39726%;\"><\/td>\n<td style=\"width: 9.07534%;\">(2,06)<\/td>\n<\/tr>\n<tr>\n<td style=\"width: 10.6164%;\">127<\/td>\n<td style=\"width: 23.6301%;\">Ulrich Woelk<\/td>\n<td style=\"width: 31.6781%;\"><em><strong><a href=\"http:\/\/www.literarisches-quartett-tuebingen.de\/?p=1364\">Der Sommer meiner Mutter<\/a><br \/>\n<\/strong><\/em><\/td>\n<td style=\"width: 5.99315%;\">2<\/td>\n<td style=\"width: 5.99315%;\">5+<\/td>\n<td style=\"width: 5.30822%;\">2,5<\/td>\n<td style=\"width: 5.30822%;\">2,5<\/td>\n<td style=\"width: 2.39726%;\"><\/td>\n<td style=\"width: 9.07534%;\">(2,94)<\/td>\n<\/tr>\n<\/tbody>\n<\/table>\n","protected":false},"excerpt":{"rendered":"<p>102 Heinz Buschkowsky Die andere Gesellschaft \u00a02\/3 2\/3 2\/3 3+ (2,56) 103 T.C. Boyle Hart auf hart \u00a02\u2013 1\u2013 2\/3 2\u2013 \u00a0(2,06) 104 Julia Wolf Alles ist jetzt 2\u2013 3+ 4+ 2 (2,69) 105 Michael L\u00fcders Wer den Wind s\u00e4t &hellip; <a href=\"http:\/\/www.literarisches-quartett-tuebingen.de\/?page_id=17\">Weiterlesen <span class=\"meta-nav\">&rarr;<\/span><\/a><\/p>\n","protected":false},"author":1,"featured_media":0,"parent":7,"menu_order":5,"comment_status":"closed","ping_status":"closed","template":"","meta":{"footnotes":""},"_links":{"self":[{"href":"http:\/\/www.literarisches-quartett-tuebingen.de\/index.php?rest_route=\/wp\/v2\/pages\/17"}],"collection":[{"href":"http:\/\/www.literarisches-quartett-tuebingen.de\/index.php?rest_route=\/wp\/v2\/pages"}],"about":[{"href":"http:\/\/www.literarisches-quartett-tuebingen.de\/index.php?rest_route=\/wp\/v2\/types\/page"}],"author":[{"embeddable":true,"href":"http:\/\/www.literarisches-quartett-tuebingen.de\/index.php?rest_route=\/wp\/v2\/users\/1"}],"replies":[{"embeddable":true,"href":"http:\/\/www.literarisches-quartett-tuebingen.de\/index.php?rest_route=%2Fwp%2Fv2%2Fcomments&post=17"}],"version-history":[{"count":82,"href":"http:\/\/www.literarisches-quartett-tuebingen.de\/index.php?rest_route=\/wp\/v2\/pages\/17\/revisions"}],"predecessor-version":[{"id":1961,"href":"http:\/\/www.literarisches-quartett-tuebingen.de\/index.php?rest_route=\/wp\/v2\/pages\/17\/revisions\/1961"}],"up":[{"embeddable":true,"href":"http:\/\/www.literarisches-quartett-tuebingen.de\/index.php?rest_route=\/wp\/v2\/pages\/7"}],"wp:attachment":[{"href":"http:\/\/www.literarisches-quartett-tuebingen.de\/index.php?rest_route=%2Fwp%2Fv2%2Fmedia&parent=17"}],"curies":[{"name":"wp","href":"https:\/\/api.w.org\/{rel}","templated":true}]}}