{"id":1383,"date":"2020-03-01T15:18:32","date_gmt":"2020-03-01T13:18:32","guid":{"rendered":"http:\/\/www.literarisches-quartett-tuebingen.de\/?page_id=1383"},"modified":"2024-12-27T13:04:04","modified_gmt":"2024-12-27T11:04:04","slug":"_chronologisch-2020-2024","status":"publish","type":"page","link":"http:\/\/www.literarisches-quartett-tuebingen.de\/?page_id=1383","title":{"rendered":"Chronologisch 2020 &#8211; 2024"},"content":{"rendered":"<table style=\"width: 129.452%; height: 649px;\">\n<tbody>\n<tr style=\"height: 25px;\">\n<td style=\"width: 5.95238%; height: 25px;\">128<\/td>\n<td style=\"width: 25.3968%; height: 25px;\">D\u00f6rte Hansen<\/td>\n<td style=\"width: 37.4339%; height: 25px;\"><em><strong><a href=\"http:\/\/www.literarisches-quartett-tuebingen.de\/?p=595\">Mittagsstunde<\/a><\/strong><\/em><\/td>\n<td style=\"width: 2.91005%; height: 25px;\">\u00a01<\/td>\n<td style=\"width: 5.95238%; height: 25px;\">1<\/td>\n<td style=\"width: 5.29101%; height: 25px;\">1\u2013<\/td>\n<td style=\"width: 5.29101%; height: 25px;\">1<\/td>\n<td style=\"width: 2.38095%; height: 25px;\"><\/td>\n<td style=\"width: 9.12699%; height: 25px;\">(1,06)<\/td>\n<\/tr>\n<tr style=\"height: 25px;\">\n<td style=\"width: 5.95238%; height: 25px;\">129<\/td>\n<td style=\"width: 25.3968%; height: 25px;\">Susanne Schr\u00f6ter<\/td>\n<td style=\"width: 37.4339%; height: 25px;\"><em><strong><a href=\"http:\/\/www.literarisches-quartett-tuebingen.de\/?p=1404\">Politischer Islam<\/a><\/strong><\/em><\/td>\n<td style=\"width: 2.91005%; height: 25px;\">3\u2013<\/td>\n<td style=\"width: 5.95238%; height: 25px;\">2<\/td>\n<td style=\"width: 5.29101%; height: 25px;\">1\/2<\/td>\n<td style=\"width: 5.29101%; height: 25px;\">3<\/td>\n<td style=\"width: 2.38095%; height: 25px;\"><\/td>\n<td style=\"width: 9.12699%; height: 25px;\">(2,43)<\/td>\n<\/tr>\n<tr style=\"height: 25px;\">\n<td style=\"width: 5.95238%; height: 25px;\">130<\/td>\n<td style=\"width: 25.3968%; height: 25px;\">Albert Camus<\/td>\n<td style=\"width: 37.4339%; height: 25px;\"><em><strong><a href=\"http:\/\/www.literarisches-quartett-tuebingen.de\/?p=1426\">Die Pest<\/a><\/strong><\/em><\/td>\n<td style=\"width: 2.91005%; height: 25px;\">2\u2013<\/td>\n<td style=\"width: 5.95238%; height: 25px;\">1\/2<\/td>\n<td style=\"width: 5.29101%; height: 25px;\">1\/2<\/td>\n<td style=\"width: 5.29101%; height: 25px;\">1<\/td>\n<td style=\"width: 2.38095%; height: 25px;\"><\/td>\n<td style=\"width: 9.12699%; height: 25px;\">(1,43)<\/td>\n<\/tr>\n<tr style=\"height: 25px;\">\n<td style=\"width: 5.95238%; height: 25px;\">131<\/td>\n<td style=\"width: 25.3968%; height: 25px;\">Sorj Chalandon<\/td>\n<td style=\"width: 37.4339%; height: 25px;\"><a href=\"http:\/\/www.literarisches-quartett-tuebingen.de\/?p=1428\"><em><strong>Am Tag davor<\/strong><\/em><\/a><\/td>\n<td style=\"width: 2.91005%; height: 25px;\">2+<\/td>\n<td style=\"width: 5.95238%; height: 25px;\">1+<\/td>\n<td style=\"width: 5.29101%; height: 25px;\">3+<\/td>\n<td style=\"width: 5.29101%; height: 25px;\" scope=\"col\">1+<\/td>\n<td style=\"width: 2.38095%; height: 25px;\"><\/td>\n<td style=\"width: 9.12699%; height: 25px;\">(1,5)<\/td>\n<\/tr>\n<tr style=\"height: 25px;\">\n<td style=\"width: 5.95238%; height: 25px;\">132<\/td>\n<td style=\"width: 25.3968%; height: 25px;\">Gabriel Garc\u00eda M\u00e1rquez<\/td>\n<td style=\"width: 37.4339%; height: 25px;\"><a href=\"http:\/\/www.literarisches-quartett-tuebingen.de\/?p=1455\"><em><strong>Hundert Jahre Einsamkeit<\/strong><\/em><\/a><\/td>\n<td style=\"width: 2.91005%; height: 25px;\">2\u2013<\/td>\n<td style=\"width: 5.95238%; height: 25px;\">1\/2<\/td>\n<td style=\"width: 5.29101%; height: 25px;\">2\/3<\/td>\n<td style=\"width: 5.29101%; height: 25px;\">1<\/td>\n<td style=\"width: 2.38095%; height: 25px;\"><\/td>\n<td style=\"width: 9.12699%; height: 25px;\">(1,8)<\/td>\n<\/tr>\n<tr style=\"height: 25px;\">\n<td style=\"width: 5.95238%; height: 25px;\">133<\/td>\n<td style=\"width: 25.3968%; height: 25px;\">Leif Randt<\/td>\n<td style=\"width: 37.4339%; height: 25px;\"><a href=\"http:\/\/www.literarisches-quartett-tuebingen.de\/?p=1486\"><em><strong>Allegro Pastell<\/strong><\/em><\/a><\/td>\n<td style=\"width: 2.91005%; height: 25px;\">3<\/td>\n<td style=\"width: 5.95238%; height: 25px;\">1\u2013<\/td>\n<td style=\"width: 5.29101%; height: 25px;\">2<\/td>\n<td style=\"width: 5.29101%; height: 25px;\">1\/2<\/td>\n<td style=\"width: 2.38095%; height: 25px;\"><\/td>\n<td style=\"width: 9.12699%; height: 25px;\">(1,9)<\/td>\n<\/tr>\n<tr style=\"height: 25px;\">\n<td style=\"width: 5.95238%; height: 25px;\">134<\/td>\n<td style=\"width: 25.3968%; height: 25px;\">Joachim Meyerhoff<\/td>\n<td style=\"width: 37.4339%; height: 25px;\"><a href=\"http:\/\/www.literarisches-quartett-tuebingen.de\/?p=1504\"><em><strong>Hamster im hinteren Stromgebiet<\/strong><\/em><\/a><\/td>\n<td style=\"width: 2.91005%; height: 25px;\">2<\/td>\n<td style=\"width: 5.95238%; height: 25px;\">3<\/td>\n<td style=\"width: 5.29101%; height: 25px;\">1\/2<\/td>\n<td style=\"width: 5.29101%; height: 25px;\">4<\/td>\n<td style=\"width: 2.38095%; height: 25px;\"><\/td>\n<td style=\"width: 9.12699%; height: 25px;\">(2,6)<\/td>\n<\/tr>\n<tr style=\"height: 25px;\">\n<td style=\"width: 5.95238%; height: 25px;\">135<\/td>\n<td style=\"width: 25.3968%; height: 25px;\">Anna Wiener<\/td>\n<td style=\"width: 37.4339%; height: 25px;\"><a href=\"http:\/\/www.literarisches-quartett-tuebingen.de\/?p=1520\"><em><strong>Code kaputt<\/strong><\/em><\/a><\/td>\n<td style=\"width: 2.91005%; height: 25px;\">2+<\/td>\n<td style=\"width: 5.95238%; height: 25px;\">1\/2<\/td>\n<td style=\"width: 5.29101%; height: 25px;\">2\/3<\/td>\n<td style=\"width: 5.29101%; height: 25px;\">2+<\/td>\n<td style=\"width: 2.38095%; height: 25px;\"><\/td>\n<td style=\"width: 9.12699%; height: 25px;\">(1,9)<\/td>\n<\/tr>\n<tr style=\"height: 25px;\">\n<td style=\"width: 5.95238%; height: 25px;\">136<\/td>\n<td style=\"width: 25.3968%; height: 25px;\">Charlotte Wood<\/td>\n<td style=\"width: 37.4339%; height: 25px;\"><a href=\"http:\/\/www.literarisches-quartett-tuebingen.de\/?p=1533\"><em><strong>Ein Wochenende<\/strong><\/em><\/a><\/td>\n<td style=\"width: 2.91005%; height: 25px;\">2\/3<\/td>\n<td style=\"width: 5.95238%; height: 25px;\">4<\/td>\n<td style=\"width: 5.29101%; height: 25px;\">2\/3<\/td>\n<td style=\"width: 5.29101%; height: 25px;\">4\u2013<\/td>\n<td style=\"width: 2.38095%; height: 25px;\"><\/td>\n<td style=\"width: 9.12699%; height: 25px;\">(3,3)<\/td>\n<\/tr>\n<tr style=\"height: 25px;\">\n<td style=\"width: 5.95238%; height: 25px;\">137<\/td>\n<td style=\"width: 25.3968%; height: 25px;\">Hildegard Knef<\/td>\n<td style=\"width: 37.4339%; height: 25px;\"><strong><em><a href=\"http:\/\/www.literarisches-quartett-tuebingen.de\/?p=1546\">Der geschenkte Gaul<\/a><\/em><\/strong><\/td>\n<td style=\"width: 2.91005%; height: 25px;\">2<\/td>\n<td style=\"width: 5.95238%; height: 25px;\">1\/2<\/td>\n<td style=\"width: 5.29101%; height: 25px;\">2\u2013<\/td>\n<td style=\"width: 5.29101%; height: 25px;\">1\/2<\/td>\n<td style=\"width: 2.38095%; height: 25px;\"><\/td>\n<td style=\"width: 9.12699%; height: 25px;\">(1,8)<\/td>\n<\/tr>\n<tr style=\"height: 25px;\">\n<td style=\"width: 5.95238%; height: 25px;\">138<\/td>\n<td style=\"width: 25.3968%; height: 25px;\">Bendedict Wells<\/td>\n<td style=\"width: 37.4339%; height: 25px;\"><strong><em><a href=\"http:\/\/www.literarisches-quartett-tuebingen.de\/?p=1559\">Hard Land<\/a><\/em><\/strong><\/td>\n<td style=\"width: 2.91005%; height: 25px;\">3<\/td>\n<td style=\"width: 5.95238%; height: 25px;\">2+<\/td>\n<td style=\"width: 5.29101%; height: 25px;\">2\u2013<\/td>\n<td style=\"width: 5.29101%; height: 25px;\">3<\/td>\n<td style=\"width: 2.38095%; height: 25px;\"><\/td>\n<td style=\"width: 9.12699%; height: 25px;\">(2,5)<\/td>\n<\/tr>\n<tr style=\"height: 25px;\">\n<td style=\"width: 5.95238%; height: 25px;\">139<\/td>\n<td style=\"width: 25.3968%; height: 25px;\">Leila Slimani<\/td>\n<td style=\"width: 37.4339%; height: 25px;\"><a href=\"http:\/\/www.literarisches-quartett-tuebingen.de\/?p=1587\"><em><strong>Das Land der Anderen<\/strong><\/em><\/a><\/td>\n<td style=\"width: 2.91005%; height: 25px;\">2\u2013<\/td>\n<td style=\"width: 5.95238%; height: 25px;\">2+<\/td>\n<td style=\"width: 5.29101%; height: 25px;\">2<\/td>\n<td style=\"width: 5.29101%; height: 25px;\">2<\/td>\n<td style=\"width: 2.38095%; height: 25px;\"><\/td>\n<td style=\"width: 9.12699%; height: 25px;\">(2,0)<\/td>\n<\/tr>\n<tr style=\"height: 25px;\">\n<td style=\"width: 5.95238%; height: 25px;\">140<\/td>\n<td style=\"width: 25.3968%; height: 25px;\">Marieke Lucas Rijneveld<\/td>\n<td style=\"width: 37.4339%; height: 25px;\"><a href=\"http:\/\/www.literarisches-quartett-tuebingen.de\/?p=1604\"><strong><em>Mein kleines Prachttier<\/em><\/strong><\/a><\/td>\n<td style=\"width: 2.91005%; height: 25px;\">4<\/td>\n<td style=\"width: 5.95238%; height: 25px;\">1<\/td>\n<td style=\"width: 5.29101%; height: 25px;\">5+<\/td>\n<td style=\"width: 5.29101%; height: 25px;\">1<\/td>\n<td style=\"width: 2.38095%; height: 25px;\"><\/td>\n<td style=\"width: 9.12699%; height: 25px;\">(2,7)<\/td>\n<\/tr>\n<tr style=\"height: 25px;\">\n<td style=\"width: 5.95238%; height: 25px;\">141<\/td>\n<td style=\"width: 25.3968%; height: 25px;\">Ivan Krastev<\/td>\n<td style=\"width: 37.4339%; height: 25px;\"><a href=\"http:\/\/www.literarisches-quartett-tuebingen.de\/?p=1618\"><em><strong>Europad\u00e4mmerung<\/strong><\/em><\/a><\/td>\n<td style=\"width: 2.91005%; height: 25px;\">3+<\/td>\n<td style=\"width: 5.95238%; height: 25px;\">2<\/td>\n<td style=\"width: 5.29101%; height: 25px;\">2\u2013<\/td>\n<td style=\"width: 5.29101%; height: 25px;\">2\/3<\/td>\n<td style=\"width: 2.38095%; height: 25px;\"><\/td>\n<td style=\"width: 9.12699%; height: 25px;\">(2,4)<\/td>\n<\/tr>\n<tr style=\"height: 25px;\">\n<td style=\"width: 5.95238%; height: 25px;\">142<\/td>\n<td style=\"width: 25.3968%; height: 25px;\">Edgar Selge<\/td>\n<td style=\"width: 37.4339%; height: 25px;\"><strong><em><a href=\"http:\/\/www.literarisches-quartett-tuebingen.de\/?p=1638\">Hast Du uns endlich gefunden<\/a><\/em><\/strong><\/td>\n<td style=\"width: 2.91005%; height: 25px;\">1<\/td>\n<td style=\"width: 5.95238%; height: 25px;\">1\/2<\/td>\n<td style=\"width: 5.29101%; height: 25px;\">1\/2<\/td>\n<td style=\"width: 5.29101%; height: 25px;\">1\/2<\/td>\n<td style=\"width: 2.38095%; height: 25px;\"><\/td>\n<td style=\"width: 9.12699%; height: 25px;\">(1,4)<\/td>\n<\/tr>\n<tr style=\"height: 25px;\">\n<td style=\"width: 5.95238%; height: 25px;\">143<\/td>\n<td style=\"width: 25.3968%; height: 25px;\">Husch Josten<\/td>\n<td style=\"width: 37.4339%; height: 25px;\"><a href=\"http:\/\/www.literarisches-quartett-tuebingen.de\/?p=1666\"><strong><em>Eine redliche L\u00fcge<\/em><\/strong><\/a><\/td>\n<td style=\"width: 2.91005%; height: 25px;\">3 \u2013<\/td>\n<td style=\"width: 5.95238%; height: 25px;\">4+<\/td>\n<td style=\"width: 5.29101%; height: 25px;\">2\/3<\/td>\n<td style=\"width: 5.29101%; height: 25px;\">4<\/td>\n<td style=\"width: 2.38095%; height: 25px;\"><\/td>\n<td style=\"width: 9.12699%; height: 25px;\">(3,4)<\/td>\n<\/tr>\n<tr style=\"height: 25px;\">\n<td style=\"width: 5.95238%; height: 25px;\">144<\/td>\n<td style=\"width: 25.3968%; height: 25px;\">Precht\/ Welzer<\/td>\n<td style=\"width: 37.4339%; height: 25px;\"><strong><em><a href=\"http:\/\/www.literarisches-quartett-tuebingen.de\/?p=1675\">Die vierte Gewalt<\/a><\/em><\/strong><\/td>\n<td style=\"width: 2.91005%; height: 25px;\">2<\/td>\n<td style=\"width: 5.95238%; height: 25px;\">2<\/td>\n<td style=\"width: 5.29101%; height: 25px;\">3<\/td>\n<td style=\"width: 5.29101%; height: 25px;\">2 \u2013<\/td>\n<td style=\"width: 2.38095%; height: 25px;\"><\/td>\n<td style=\"width: 9.12699%; height: 25px;\">(2,3)<\/td>\n<\/tr>\n<tr style=\"height: 25px;\">\n<td style=\"width: 5.95238%; height: 25px;\">145<\/td>\n<td style=\"width: 25.3968%; height: 25px;\">Behzad Karim Khani<\/td>\n<td style=\"width: 37.4339%; height: 25px;\"><a href=\"http:\/\/www.literarisches-quartett-tuebingen.de\/?p=1713\"><em><strong>Hund Wolf Schakal<\/strong><\/em><\/a><\/td>\n<td style=\"width: 2.91005%; height: 25px;\">1<\/td>\n<td style=\"width: 5.95238%; height: 25px;\">1\u2013<\/td>\n<td style=\"width: 5.29101%; height: 25px;\">1\/2<\/td>\n<td style=\"width: 5.29101%; height: 25px;\">1\u2013<\/td>\n<td style=\"width: 2.38095%; height: 25px;\"><\/td>\n<td style=\"width: 9.12699%; height: 25px;\"><span style=\"color: #ff0000;\">(1,2)<\/span><\/td>\n<\/tr>\n<tr style=\"height: 25px;\">\n<td style=\"width: 5.95238%; height: 25px;\">146<\/td>\n<td style=\"width: 25.3968%; height: 25px;\">Kazuo Ishiguro<\/td>\n<td style=\"width: 37.4339%; height: 25px;\"><em><strong><a href=\"http:\/\/www.literarisches-quartett-tuebingen.de\/?p=1748\">Was vom Tage \u00fcbrig blieb<\/a><\/strong><\/em><\/td>\n<td style=\"width: 2.91005%; height: 25px;\">4<\/td>\n<td style=\"width: 5.95238%; height: 25px;\">1<\/td>\n<td style=\"width: 5.29101%; height: 25px;\">1\u2013<\/td>\n<td style=\"width: 5.29101%; height: 25px;\">1\/2<\/td>\n<td style=\"width: 2.38095%; height: 25px;\"><\/td>\n<td style=\"width: 9.12699%; height: 25px;\">(1,8)<\/td>\n<\/tr>\n<tr style=\"height: 25px;\">\n<td style=\"width: 5.95238%; height: 24px;\">147<\/td>\n<td style=\"width: 25.3968%; height: 24px;\">Joseph\u00a0 Roth<\/td>\n<td style=\"width: 37.4339%; height: 24px;\"><a href=\"http:\/\/www.literarisches-quartett-tuebingen.de\/?p=1781\"><strong><em>Hiob<\/em><\/strong><\/a><\/td>\n<td style=\"width: 2.91005%; height: 24px;\">3+<\/td>\n<td style=\"width: 5.95238%; height: 24px;\">2<\/td>\n<td style=\"width: 5.29101%; height: 24px;\">3+<\/td>\n<td style=\"width: 5.29101%; height: 24px;\">1\/2<\/td>\n<td style=\"width: 2.38095%; height: 24px;\"><\/td>\n<td style=\"width: 9.12699%; height: 24px;\">(2,3)<\/td>\n<\/tr>\n<tr style=\"height: 25px;\">\n<td style=\"width: 5.95238%; height: 25px;\">148<\/td>\n<td style=\"width: 25.3968%; height: 25px;\">Sebastian Fitzek<\/td>\n<td style=\"width: 37.4339%; height: 25px;\"><em><strong><a href=\"http:\/\/www.literarisches-quartett-tuebingen.de\/?p=1783\">Elternabend<\/a><\/strong><\/em><\/td>\n<td style=\"width: 2.91005%; height: 25px;\">4\/5<\/td>\n<td style=\"width: 5.95238%; height: 25px;\">6\u2013<\/td>\n<td style=\"width: 5.29101%; height: 25px;\">5<\/td>\n<td style=\"width: 5.29101%; height: 25px;\">5\/6<\/td>\n<td style=\"width: 2.38095%; height: 25px;\"><\/td>\n<td style=\"width: 9.12699%; height: 25px;\">(5,3)<\/td>\n<\/tr>\n<tr style=\"height: 25px;\">\n<td style=\"width: 5.95238%; height: 25px;\">149<\/td>\n<td style=\"width: 25.3968%; height: 25px;\">Din\u00e7er G\u00fc\u00e7yeter<\/td>\n<td style=\"width: 37.4339%; height: 25px;\"><a href=\"http:\/\/www.literarisches-quartett-tuebingen.de\/?p=1786\"><em><strong>Unser Deutschlandm\u00e4rchen<\/strong><\/em><\/a><\/td>\n<td style=\"width: 2.91005%; height: 25px;\">2\u2013<\/td>\n<td style=\"width: 5.95238%; height: 25px;\">2\/3<\/td>\n<td style=\"width: 5.29101%; height: 25px;\">2\/3<\/td>\n<td style=\"width: 5.29101%; height: 25px;\">2\/3<\/td>\n<td style=\"width: 2.38095%; height: 25px;\"><\/td>\n<td style=\"width: 9.12699%; height: 25px;\">(2,4)<\/td>\n<\/tr>\n<tr style=\"height: 25px;\">\n<td style=\"width: 5.95238%; height: 25px;\">150<\/td>\n<td style=\"width: 25.3968%; height: 25px;\">Lucy Fricke<\/td>\n<td style=\"width: 37.4339%; height: 25px;\"><em><strong><a href=\"http:\/\/www.literarisches-quartett-tuebingen.de\/?p=1788\">Die Diplomatin<\/a><\/strong><\/em><\/td>\n<td style=\"width: 2.91005%; height: 25px;\">3\u2013<\/td>\n<td style=\"width: 5.95238%; height: 25px;\">3<\/td>\n<td style=\"width: 5.29101%; height: 25px;\">2+<\/td>\n<td style=\"width: 5.29101%; height: 25px;\">3\u2013<\/td>\n<td style=\"width: 2.38095%; height: 25px;\"><\/td>\n<td style=\"width: 9.12699%; height: 25px;\">(2,8)<\/td>\n<\/tr>\n<tr style=\"height: 25px;\">\n<td style=\"width: 5.95238%; height: 25px;\">151<\/td>\n<td style=\"width: 25.3968%; height: 25px;\">Bartholom\u00e4us Grill<\/td>\n<td style=\"width: 37.4339%; height: 25px;\"><em><strong><a href=\"http:\/\/www.literarisches-quartett-tuebingen.de\/?p=1924\">Um uns die Toten<\/a><\/strong><\/em><\/td>\n<td style=\"width: 2.91005%; height: 25px;\">2<\/td>\n<td style=\"width: 5.95238%; height: 25px;\">2\u2013<\/td>\n<td style=\"width: 5.29101%; height: 25px;\">1\/2<\/td>\n<td style=\"width: 5.29101%; height: 25px;\">1\/2<\/td>\n<td style=\"width: 2.38095%; height: 25px;\"><\/td>\n<td style=\"width: 9.12699%; height: 25px;\">(1,8)<\/td>\n<\/tr>\n<tr style=\"height: 25px;\">\n<td style=\"width: 5.95238%; height: 25px;\">152<\/td>\n<td style=\"width: 25.3968%; height: 25px;\">Giuliano da Empoli<\/td>\n<td style=\"width: 37.4339%; height: 25px;\"><a href=\"http:\/\/www.literarisches-quartett-tuebingen.de\/?p=1952\"><em><strong>Der Magier im Kreml<\/strong><\/em><\/a><\/td>\n<td style=\"width: 2.91005%; height: 25px;\">2\u2013<\/td>\n<td style=\"width: 5.95238%; height: 25px;\">2<\/td>\n<td style=\"width: 5.29101%; height: 25px;\">3+<\/td>\n<td style=\"width: 5.29101%; height: 25px;\">2\/3<\/td>\n<td style=\"width: 2.38095%; height: 25px;\"><\/td>\n<td style=\"width: 9.12699%; height: 25px;\">(2,3)<\/td>\n<\/tr>\n<tr style=\"height: 25px;\">\n<td style=\"width: 5.95238%; height: 25px;\">153<\/td>\n<td style=\"width: 25.3968%; height: 25px;\">Martina Hefter<\/td>\n<td style=\"width: 37.4339%; height: 25px;\"><strong><a href=\"http:\/\/www.literarisches-quartett-tuebingen.de\/?p=2027\"><em>Hey Guten Morgen, wie geht es dir?<\/em><\/a><\/strong><\/td>\n<td style=\"width: 2.91005%; height: 25px;\">2\u2013<\/td>\n<td style=\"width: 5.95238%; height: 25px;\">5+<\/td>\n<td style=\"width: 5.29101%; height: 25px;\">3<\/td>\n<td style=\"width: 5.29101%; height: 25px;\">3\/4<\/td>\n<td style=\"width: 2.38095%; height: 25px;\"><\/td>\n<td style=\"width: 9.12699%; height: 25px;\">(3,8)<\/td>\n<\/tr>\n<\/tbody>\n<\/table>\n","protected":false},"excerpt":{"rendered":"<p>128 D\u00f6rte Hansen Mittagsstunde \u00a01 1 1\u2013 1 (1,06) 129 Susanne Schr\u00f6ter Politischer Islam 3\u2013 2 1\/2 3 (2,43) 130 Albert Camus Die Pest 2\u2013 1\/2 1\/2 1 (1,43) 131 Sorj Chalandon Am Tag davor 2+ 1+ 3+ 1+ (1,5) &hellip; <a href=\"http:\/\/www.literarisches-quartett-tuebingen.de\/?page_id=1383\">Weiterlesen <span class=\"meta-nav\">&rarr;<\/span><\/a><\/p>\n","protected":false},"author":1,"featured_media":0,"parent":0,"menu_order":0,"comment_status":"closed","ping_status":"closed","template":"","meta":{"footnotes":""},"_links":{"self":[{"href":"http:\/\/www.literarisches-quartett-tuebingen.de\/index.php?rest_route=\/wp\/v2\/pages\/1383"}],"collection":[{"href":"http:\/\/www.literarisches-quartett-tuebingen.de\/index.php?rest_route=\/wp\/v2\/pages"}],"about":[{"href":"http:\/\/www.literarisches-quartett-tuebingen.de\/index.php?rest_route=\/wp\/v2\/types\/page"}],"author":[{"embeddable":true,"href":"http:\/\/www.literarisches-quartett-tuebingen.de\/index.php?rest_route=\/wp\/v2\/users\/1"}],"replies":[{"embeddable":true,"href":"http:\/\/www.literarisches-quartett-tuebingen.de\/index.php?rest_route=%2Fwp%2Fv2%2Fcomments&post=1383"}],"version-history":[{"count":58,"href":"http:\/\/www.literarisches-quartett-tuebingen.de\/index.php?rest_route=\/wp\/v2\/pages\/1383\/revisions"}],"predecessor-version":[{"id":1391,"href":"http:\/\/www.literarisches-quartett-tuebingen.de\/index.php?rest_route=\/wp\/v2\/pages\/1383\/revisions\/1391"}],"wp:attachment":[{"href":"http:\/\/www.literarisches-quartett-tuebingen.de\/index.php?rest_route=%2Fwp%2Fv2%2Fmedia&parent=1383"}],"curies":[{"name":"wp","href":"https:\/\/api.w.org\/{rel}","templated":true}]}}